{"id":8,"date":"2017-08-30T10:52:28","date_gmt":"2017-08-30T10:52:28","guid":{"rendered":"https:\/\/xml-io.proteusthemes.com\/growthpress\/?page_id=8"},"modified":"2019-08-07T22:15:56","modified_gmt":"2019-08-07T21:15:56","slug":"home","status":"publish","type":"page","link":"https:\/\/ampitafa2018.misijon-madagaskar.si\/","title":{"rendered":"Domov"},"content":{"rendered":"<div id=\"pl-8\"  class=\"panel-layout\" ><div id=\"pg-8-0\"  class=\"panel-grid panel-has-style\" ><div class=\"siteorigin-panels-stretch panel-row-style panel-row-style-for-8-0\" data-stretch-type=\"full\" ><div id=\"pgc-8-0-0\"  class=\"panel-grid-cell\" ><div id=\"panel-8-0-0-0\" class=\"so-panel widget widget_sow-image panel-first-child panel-last-child\" data-index=\"0\" ><div class=\"so-widget-sow-image so-widget-sow-image-default-ad2c8d41f7a1\">\r\n\r\n<div class=\"sow-image-container\">\r\n\t<img src=\"https:\/\/ampitafa2018.misijon-madagaskar.si\/wp-content\/uploads\/2019\/08\/IMG_7163.jpg\" width=\"1200\" height=\"800\" srcset=\"https:\/\/ampitafa2018.misijon-madagaskar.si\/wp-content\/uploads\/2019\/08\/IMG_7163.jpg 1200w, https:\/\/ampitafa2018.misijon-madagaskar.si\/wp-content\/uploads\/2019\/08\/IMG_7163-300x200.jpg 300w, https:\/\/ampitafa2018.misijon-madagaskar.si\/wp-content\/uploads\/2019\/08\/IMG_7163-768x512.jpg 768w, https:\/\/ampitafa2018.misijon-madagaskar.si\/wp-content\/uploads\/2019\/08\/IMG_7163-1024x683.jpg 1024w, https:\/\/ampitafa2018.misijon-madagaskar.si\/wp-content\/uploads\/2019\/08\/IMG_7163-272x182.jpg 272w\" sizes=\"(max-width: 1200px) 100vw, 1200px\" alt=\"\" \t\tclass=\"so-widget-image\"\/>\r\n<\/div>\r\n\r\n<\/div><\/div><\/div><\/div><\/div><div id=\"pg-8-1\"  class=\"panel-grid panel-has-style\" ><div class=\"siteorigin-panels-stretch panel-row-style panel-row-style-for-8-1\" data-stretch-type=\"full\" ><div id=\"pgc-8-1-0\"  class=\"panel-grid-cell\" ><div id=\"panel-8-1-0-0\" class=\"so-panel widget widget_pw_notice widget-notice panel-first-child panel-last-child\" data-index=\"1\" >\t\t\t<div class=\"important-notice  important-notice--center\">\n\t\t\t\t<div class=\"important-notice__text\">\n\t\t\t\t\t\tPriporo\u010damo se za donacije - <a href=\"https:\/\/ampitafa2018.misijon-madagaskar.si\/index.php\/20-2\/\"><u>Pro\u0161nja za donacije<\/u><\/a>\t\t\t\t<\/div>\n\t\t\t\t\t\t\t<\/div>\n\t\t<\/div><\/div><\/div><\/div><div id=\"pg-8-2\"  class=\"panel-grid panel-has-style\" ><div class=\"siteorigin-panels-stretch panel-row-style panel-row-style-for-8-2\" data-stretch-type=\"full\" ><div id=\"pgc-8-2-0\"  class=\"panel-grid-cell\" ><div id=\"panel-8-2-0-0\" class=\"so-panel widget widget_sow-editor panel-first-child panel-last-child\" data-index=\"2\" ><div class=\"panel-widget-style panel-widget-style-for-8-2-0-0\" ><div class=\"so-widget-sow-editor so-widget-sow-editor-base\">\n<div class=\"siteorigin-widget-tinymce textwidget\">\n\t<p>V letih 2005 do 2007 je v Ampitafa za\u010dela nastajati nova naselbina. Pedro Opeka se je skupaj s svojo humanitarno ustanovo odlo\u010dil tu postaviti bolnico, porodni\u0161nico in \u0161olo. V mislih je imel osnovno strukturo za uspe\u0161no socialno delo tega zelo revnega obmo\u010dja, ki le\u017ei na jugovzhodnem delu Madagaskarja.<\/p>\n<p><a href=\"https:\/\/ampitafa2018.misijon-madagaskar.si\/index.php\/misijon-ampitafa\/\">Ve\u010d<\/a><\/p>\n<\/div>\n<\/div><\/div><\/div><\/div><div id=\"pgc-8-2-1\"  class=\"panel-grid-cell\" ><div id=\"panel-8-2-1-0\" class=\"so-panel widget widget_sow-editor panel-first-child panel-last-child\" data-index=\"3\" ><div class=\"so-widget-sow-editor so-widget-sow-editor-base\">\n<div class=\"siteorigin-widget-tinymce textwidget\">\n\t<p><a href=\"https:\/\/ampitafa2018.misijon-madagaskar.si\/wp-content\/uploads\/2019\/08\/krmelj.jpg\"><img loading=\"lazy\" class=\"alignnone  wp-image-3235\" src=\"https:\/\/ampitafa2018.misijon-madagaskar.si\/wp-content\/uploads\/2019\/08\/krmelj-300x170.jpg\" alt=\"\" width=\"392\" height=\"220\" \/><\/a><\/p>\n<\/div>\n<\/div><\/div><\/div><\/div><\/div><div id=\"pg-8-3\"  class=\"panel-grid panel-no-style\" ><div id=\"pgc-8-3-0\"  class=\"panel-grid-cell panel-grid-cell-empty panel-grid-cell-mobile-last\" ><\/div><div id=\"pgc-8-3-1\"  class=\"panel-grid-cell panel-grid-cell-empty\" ><\/div><\/div><div id=\"pg-8-4\"  class=\"panel-grid panel-no-style\" ><div id=\"pgc-8-4-0\"  class=\"panel-grid-cell\" ><div id=\"panel-8-4-0-0\" class=\"so-panel widget widget_sow-editor panel-first-child panel-last-child\" data-index=\"4\" ><div class=\"so-widget-sow-editor so-widget-sow-editor-base\">\n<div class=\"siteorigin-widget-tinymce textwidget\">\n\t<h2 style=\"text-align: center;\">Aktualno<\/h2>\n<\/div>\n<\/div><\/div><\/div><\/div><div id=\"pg-8-5\"  class=\"panel-grid panel-no-style\" ><div id=\"pgc-8-5-0\"  class=\"panel-grid-cell\" ><div id=\"panel-8-5-0-0\" class=\"so-panel widget widget_pw_latest_news widget-latest-news panel-first-child panel-last-child\" data-index=\"5\" >\n\t\t\t\t\t\t<a href=\"https:\/\/ampitafa2018.misijon-madagaskar.si\/index.php\/2026\/01\/20\/krst-243-otrok-v-nedeljo-jezusovega-krsta\/\" class=\"latest-news  latest-news--block\">\n\t\t\t\t<!-- Featured Image -->\n\t\t\t\t\t\t\t\t\t<img src=\"https:\/\/ampitafa2018.misijon-madagaskar.si\/wp-content\/uploads\/2026\/01\/krst-243-otrok-pri-nedeljski-masi-350x175.jpg\" width=\"350\" height=\"175\" srcset=\"https:\/\/ampitafa2018.misijon-madagaskar.si\/wp-content\/uploads\/2026\/01\/krst-243-otrok-pri-nedeljski-masi-350x175.jpg 350w, https:\/\/ampitafa2018.misijon-madagaskar.si\/wp-content\/uploads\/2026\/01\/krst-243-otrok-pri-nedeljski-masi.jpg 1200w\" sizes=\"(min-width: 1200px) 350px, (min-width: 992px) 290px, (min-width: 768px) 690px, (min-width: 576px) 510px, calc(100vw - 30px)\" class=\"latest-news__image  wp-post-image\" alt=\"Krst 243 otrok v nedeljo Jezusovega krsta\">\n\t\t\t\t\n\t\t\t\t<div class=\"latest-news__content\">\n\t\t\t\t\t<div class=\"latest-news__header\">\n\t\t\t\t\t\t<!-- Date -->\n\t\t\t\t\t\t<time class=\"latest-news__date\" datetime=\"2026-01-20T12:46:16+01:00\">\n\t\t\t\t\t\t\t20\/01\/2026\t\t\t\t\t\t<\/time>\n\t\t\t\t\t\t<!-- Title -->\n\t\t\t\t\t\t<h2 class=\"latest-news__title\">Krst 243 otrok v nedeljo Jezusovega krsta<\/h2>\n\t\t\t\t\t<\/div>\n\t\t\t\t\t\t\t\t\t\t\t<span class=\"latest-news__more-news\">\n\t\t\t\t\t\t\tVe\u010d ...\t\t\t\t\t\t<\/span>\n\t\t\t\t\t\t\t\t\t<\/div>\n\t\t\t<\/a>\n\t\t\t\n<\/div><\/div><div id=\"pgc-8-5-1\"  class=\"panel-grid-cell\" ><div id=\"panel-8-5-1-0\" class=\"so-panel widget widget_pw_latest_news widget-latest-news panel-first-child panel-last-child\" data-index=\"6\" >\n\t\t\t\t\t\t<a href=\"https:\/\/ampitafa2018.misijon-madagaskar.si\/index.php\/2024\/10\/18\/zakonca-zdravnika-s-sestimi-otroki-na-misijon-na-madagaskar\/\" class=\"latest-news  latest-news--block\">\n\t\t\t\t<!-- Featured Image -->\n\t\t\t\t\t\t\t\t\t<img src=\"https:\/\/ampitafa2018.misijon-madagaskar.si\/wp-content\/uploads\/2024\/10\/druzina-Fortuna-350x175.jpg\" width=\"350\" height=\"175\" srcset=\"https:\/\/ampitafa2018.misijon-madagaskar.si\/wp-content\/uploads\/2024\/10\/druzina-Fortuna-350x175.jpg 350w, https:\/\/ampitafa2018.misijon-madagaskar.si\/wp-content\/uploads\/2024\/10\/druzina-Fortuna.jpg 1000w\" sizes=\"(min-width: 1200px) 350px, (min-width: 992px) 290px, (min-width: 768px) 690px, (min-width: 576px) 510px, calc(100vw - 30px)\" class=\"latest-news__image  wp-post-image\" alt=\"Zakonca zdravnika s \u0161estimi otroki na misijon na Madagaskar\">\n\t\t\t\t\n\t\t\t\t<div class=\"latest-news__content\">\n\t\t\t\t\t<div class=\"latest-news__header\">\n\t\t\t\t\t\t<!-- Date -->\n\t\t\t\t\t\t<time class=\"latest-news__date\" datetime=\"2024-10-18T19:38:44+01:00\">\n\t\t\t\t\t\t\t18\/10\/2024\t\t\t\t\t\t<\/time>\n\t\t\t\t\t\t<!-- Title -->\n\t\t\t\t\t\t<h2 class=\"latest-news__title\">Zakonca zdravnika s \u0161estimi otroki na misijon na Madagaskar<\/h2>\n\t\t\t\t\t<\/div>\n\t\t\t\t\t\t\t\t\t\t\t<span class=\"latest-news__more-news\">\n\t\t\t\t\t\t\tVe\u010d ...\t\t\t\t\t\t<\/span>\n\t\t\t\t\t\t\t\t\t<\/div>\n\t\t\t<\/a>\n\t\t\t\n<\/div><\/div><div id=\"pgc-8-5-2\"  class=\"panel-grid-cell\" ><div id=\"panel-8-5-2-0\" class=\"so-panel widget widget_pw_latest_news widget-latest-news panel-first-child panel-last-child\" data-index=\"7\" >\n\t\t\t\t\t\t<a href=\"https:\/\/ampitafa2018.misijon-madagaskar.si\/index.php\/2024\/10\/18\/novi-most\/\" class=\"latest-news  latest-news--block\">\n\t\t\t\t<!-- Featured Image -->\n\t\t\t\t\t\t\t\t\t<img src=\"https:\/\/ampitafa2018.misijon-madagaskar.si\/wp-content\/uploads\/2024\/10\/8-Most-2024-350x175.jpg\" width=\"350\" height=\"175\" srcset=\"https:\/\/ampitafa2018.misijon-madagaskar.si\/wp-content\/uploads\/2024\/10\/8-Most-2024-350x175.jpg 350w, https:\/\/ampitafa2018.misijon-madagaskar.si\/wp-content\/uploads\/2024\/10\/8-Most-2024.jpg 1052w\" sizes=\"(min-width: 1200px) 350px, (min-width: 992px) 290px, (min-width: 768px) 690px, (min-width: 576px) 510px, calc(100vw - 30px)\" class=\"latest-news__image  wp-post-image\" alt=\"Novi most\">\n\t\t\t\t\n\t\t\t\t<div class=\"latest-news__content\">\n\t\t\t\t\t<div class=\"latest-news__header\">\n\t\t\t\t\t\t<!-- Date -->\n\t\t\t\t\t\t<time class=\"latest-news__date\" datetime=\"2024-10-18T19:28:46+01:00\">\n\t\t\t\t\t\t\t18\/10\/2024\t\t\t\t\t\t<\/time>\n\t\t\t\t\t\t<!-- Title -->\n\t\t\t\t\t\t<h2 class=\"latest-news__title\">Novi most<\/h2>\n\t\t\t\t\t<\/div>\n\t\t\t\t\t\t\t\t\t\t\t<span class=\"latest-news__more-news\">\n\t\t\t\t\t\t\tVe\u010d ...\t\t\t\t\t\t<\/span>\n\t\t\t\t\t\t\t\t\t<\/div>\n\t\t\t<\/a>\n\t\t\t\n<\/div><\/div><\/div><div id=\"pg-8-6\"  class=\"panel-grid panel-no-style\" ><div id=\"pgc-8-6-0\"  class=\"panel-grid-cell\" ><div id=\"panel-8-6-0-0\" class=\"so-panel widget widget_sow-editor panel-first-child panel-last-child\" data-index=\"8\" ><div class=\"so-widget-sow-editor so-widget-sow-editor-base\">\n<div class=\"siteorigin-widget-tinymce textwidget\">\n\t<p style=\"text-align: center;\">\u00a0<a class=\"btn  btn-secondary\" href=\"https:\/\/ampitafa2018.misijon-madagaskar.si\/index.php\/blog\/\" target=\"_self\"> Ve\u010d ...<\/a><\/p>\n<\/div>\n<\/div><\/div><\/div><\/div><\/div>","protected":false},"excerpt":{"rendered":"<p>Priporo\u010damo se za donacije &#8211; Pro\u0161nja za donacije V letih 2005 do 2007 je v Ampitafa za\u010dela nastajati nova naselbina. Pedro Opeka se je skupaj s svojo humanitarno ustanovo odlo\u010dil tu postaviti bolnico, porodni\u0161nico in \u0161olo. V mislih je imel osnovno strukturo za uspe\u0161no socialno delo tega zelo revnega obmo\u010dja, ki le\u017ei na jugovzhodnem delu &hellip;<\/p>\n","protected":false},"author":1,"featured_media":0,"parent":0,"menu_order":0,"comment_status":"closed","ping_status":"closed","template":"","meta":[],"_links":{"self":[{"href":"https:\/\/ampitafa2018.misijon-madagaskar.si\/index.php\/wp-json\/wp\/v2\/pages\/8"}],"collection":[{"href":"https:\/\/ampitafa2018.misijon-madagaskar.si\/index.php\/wp-json\/wp\/v2\/pages"}],"about":[{"href":"https:\/\/ampitafa2018.misijon-madagaskar.si\/index.php\/wp-json\/wp\/v2\/types\/page"}],"author":[{"embeddable":true,"href":"https:\/\/ampitafa2018.misijon-madagaskar.si\/index.php\/wp-json\/wp\/v2\/users\/1"}],"replies":[{"embeddable":true,"href":"https:\/\/ampitafa2018.misijon-madagaskar.si\/index.php\/wp-json\/wp\/v2\/comments?post=8"}],"version-history":[{"count":67,"href":"https:\/\/ampitafa2018.misijon-madagaskar.si\/index.php\/wp-json\/wp\/v2\/pages\/8\/revisions"}],"predecessor-version":[{"id":3242,"href":"https:\/\/ampitafa2018.misijon-madagaskar.si\/index.php\/wp-json\/wp\/v2\/pages\/8\/revisions\/3242"}],"wp:attachment":[{"href":"https:\/\/ampitafa2018.misijon-madagaskar.si\/index.php\/wp-json\/wp\/v2\/media?parent=8"}],"curies":[{"name":"wp","href":"https:\/\/api.w.org\/{rel}","templated":true}]}}