{"id":3247,"date":"2019-08-07T22:25:35","date_gmt":"2019-08-07T21:25:35","guid":{"rendered":"https:\/\/ampitafa2018.misijon-madagaskar.si\/?page_id=3247"},"modified":"2019-08-07T22:25:35","modified_gmt":"2019-08-07T21:25:35","slug":"zdravnica-ana-fajmut","status":"publish","type":"page","link":"https:\/\/ampitafa2018.misijon-madagaskar.si\/index.php\/zdravnica-ana-fajmut\/","title":{"rendered":"Zdravnica Ana Fajmut"},"content":{"rendered":"<p>9. septembra pa na Madagaskar, na misijon Ampitafa, odhaja tudi upokojena zdravnica Ana Fajmut iz \u010crne na Koro\u0161kem.<br \/>\nAna si je \u017ee od nekdaj \u017eelela iti v Afriko in tako leta 2006 ni odklonila povabila svojega ne\u010daka, mladega zdravnika, ki je skupaj z dvema zobozdravnikoma z medicinsko odpravo \u0161el na Madagaskar. Takrat si je obljubila, da se bo \u0161e vrnila, prej pa se \u0161e nau\u010dila malo ve\u010d malga\u0161\u010dine in franco\u0161\u010dine ter kirurgije, ki je v tamkaj\u0161njih razmerah prav tako zelo uporabna veda. A ob vseh obveznostih, ki jih je imela, saj je poleg polne zaposlitve v splo\u0161ni ambulanti v \u010crni skrbela tudi za du\u0161evno prizadete otroke in odrasle v bli\u017enjem Centru za usposabljanje, delo in varstvo, so leta tekla, svojih \u017eelja po teh dodatnih ve\u0161\u010dinah pa ni mogla uresni\u010diti. Ko pa se je upokojila, se je vseeno vrnila na otok. Tako je Ana do sedaj \u0161tirikrat bila na Madagaskarju, od tega gre tokrat \u017ee tretji\u010d na misijon Ampitafa. Spremljala je njegov razvoj prakti\u010dno od za\u010detka, ko je Janez sredi ni\u010desar v pragozdu ustanovil svoj misijon: postavil majhno elektrarno, zgradil stavbe, skopal ceste. Ob tem pa je Ana tudi nekako podo\u017eivljala svojo mladost, ko so poznali samo makadamske ceste, bili \u0161e brez elektrike \u2026<br \/>\nZdravnica Ana bo na misijonu pomagala v dispanzerju in v porodni\u0161nici in tudi nadome\u0161\u010dala tamkaj\u0161njo zdravnico.<br \/>\n\u00bbNobenega sveta nisem obrnila, le posamezniku sem v tistem trenutku pomagala. Doma se marsikaj od tega, kar se tam rabi, ne da nau\u010diti. Pridobila pa sem bogate izku\u0161nje. Vsak nima te mo\u017enost in jaz sem hvale\u017ena zanjo\u00ab.<br \/>\nTamkaj\u0161nji ljudje veliko dobijo od donacij in medicinskih odprav. \u00bbVidela sem, da doma\u010da zdravnica marsikdaj v dolo\u010denih situacijah ni mogla druga\u010de ukrepati kot je, pa \u010deprav bi se jaz, ki imam doma bolnico dokaj blizu, druga\u010de odlo\u010dila\u00ab.<br \/>\nAna bo s seboj odnesla najnujnej\u0161o opremo in medicinski material, ki ga mora \u0161e nabaviti, prav tako bo z zbranim denarjem pomagala posameznikom, ki si ne bodo mogli privo\u0161\u010diti prevoza v bolni\u0161nico ter samega zdravljenja. V ta namen i\u0161\u010de sponzorje in zbira denarna sredstva na isti ra\u010dun:<\/p>\n<p>Misijonsko sredi\u0161\u010de Slovenije,\u00a0Kristanova ulica 1, 1000 Ljubljana<br \/>\nTRR: SI 56 0201 4005 1368 933<br \/>\nSklic: SI 00 279225<br \/>\nSWIFT koda: LJBASI2X<\/p>\n","protected":false},"excerpt":{"rendered":"<p>9. septembra pa na Madagaskar, na misijon Ampitafa, odhaja tudi upokojena zdravnica Ana Fajmut iz \u010crne na Koro\u0161kem. Ana si je \u017ee od nekdaj \u017eelela iti v Afriko in tako leta 2006 ni odklonila povabila svojega ne\u010daka, mladega zdravnika, ki je skupaj z dvema zobozdravnikoma z medicinsko odpravo \u0161el na Madagaskar. Takrat si je obljubila, &hellip;<\/p>\n","protected":false},"author":1,"featured_media":0,"parent":0,"menu_order":0,"comment_status":"closed","ping_status":"closed","template":"","meta":[],"_links":{"self":[{"href":"https:\/\/ampitafa2018.misijon-madagaskar.si\/index.php\/wp-json\/wp\/v2\/pages\/3247"}],"collection":[{"href":"https:\/\/ampitafa2018.misijon-madagaskar.si\/index.php\/wp-json\/wp\/v2\/pages"}],"about":[{"href":"https:\/\/ampitafa2018.misijon-madagaskar.si\/index.php\/wp-json\/wp\/v2\/types\/page"}],"author":[{"embeddable":true,"href":"https:\/\/ampitafa2018.misijon-madagaskar.si\/index.php\/wp-json\/wp\/v2\/users\/1"}],"replies":[{"embeddable":true,"href":"https:\/\/ampitafa2018.misijon-madagaskar.si\/index.php\/wp-json\/wp\/v2\/comments?post=3247"}],"version-history":[{"count":1,"href":"https:\/\/ampitafa2018.misijon-madagaskar.si\/index.php\/wp-json\/wp\/v2\/pages\/3247\/revisions"}],"predecessor-version":[{"id":3248,"href":"https:\/\/ampitafa2018.misijon-madagaskar.si\/index.php\/wp-json\/wp\/v2\/pages\/3247\/revisions\/3248"}],"wp:attachment":[{"href":"https:\/\/ampitafa2018.misijon-madagaskar.si\/index.php\/wp-json\/wp\/v2\/media?parent=3247"}],"curies":[{"name":"wp","href":"https:\/\/api.w.org\/{rel}","templated":true}]}}