{"id":3245,"date":"2019-08-07T22:24:10","date_gmt":"2019-08-07T21:24:10","guid":{"rendered":"https:\/\/ampitafa2018.misijon-madagaskar.si\/?page_id=3245"},"modified":"2019-08-07T22:30:57","modified_gmt":"2019-08-07T21:30:57","slug":"pota-2019","status":"publish","type":"page","link":"https:\/\/ampitafa2018.misijon-madagaskar.si\/index.php\/pota-2019\/","title":{"rendered":"Pota 2019"},"content":{"rendered":"<p>POTA PROSTOVOLJCI V AKAMASO-i<\/p>\n<p><a href=\"https:\/\/ampitafa2018.misijon-madagaskar.si\/wp-content\/uploads\/2019\/08\/20180817_101819.jpg\"><img loading=\"lazy\" class=\"size-medium wp-image-3249 alignleft\" src=\"https:\/\/ampitafa2018.misijon-madagaskar.si\/wp-content\/uploads\/2019\/08\/20180817_101819-300x146.jpg\" alt=\"\" width=\"300\" height=\"146\" srcset=\"https:\/\/ampitafa2018.misijon-madagaskar.si\/wp-content\/uploads\/2019\/08\/20180817_101819-300x146.jpg 300w, https:\/\/ampitafa2018.misijon-madagaskar.si\/wp-content\/uploads\/2019\/08\/20180817_101819-768x373.jpg 768w, https:\/\/ampitafa2018.misijon-madagaskar.si\/wp-content\/uploads\/2019\/08\/20180817_101819-1024x497.jpg 1024w, https:\/\/ampitafa2018.misijon-madagaskar.si\/wp-content\/uploads\/2019\/08\/20180817_101819.jpg 1200w\" sizes=\"(max-width: 300px) 100vw, 300px\" \/><\/a>Prostovoljci programa POTA, ki \u017ee skoraj 20 let obiskujemo misijonarje na Madagaskarju se vsako leto z veseljem ustavimo tudi pri enem najve\u010djih misijonarjev vseh \u010dasov &#8211; pri Pedrotu Opeki.<\/p>\n<p>Prostovoljci vsako leto ob za\u010detku in koncu dela na Madagaskarju nekaj dni pre\u017eiviM v hi\u0161i za goste v tem \u010dudovitem mestecu. Na za\u010detku je to odli\u010den prostor za aklimatizacijo in privajanje na novo kulturo. Otroci \u017ee takoj ko vzide sonce \u010dakajo pred hi\u0161ko, da bo nekdo pokukal skozi okno ali vrata. Komaj \u010dakajo, da se bo nekdo z njimi igral, jih crkljal in jim tako polep\u0161al dan. \u010ceprav prostovoljci na tem mestu nimamo ustaljenega urnika je dan vedno prekratek za raziskovanje in dru\u017eenje s temi sr\u010dnimi ljudmi ter igro z otroki.<br \/>\nBli\u017eina glavnega mesta nam omogo\u010da, da kupimo vse potrebne stvari za delo na jugu otoka, kjer na pode\u017eelju ni trgovin. Najbolj dragoceno pa je nedvomno spoznati misijonarja Pedrota Opeko. In vsekakor obisk Akamasoe pusti velik pe\u010dat vsem prostovoljcem, zelo dragocena so tudi pri\u010devanja Pedrota in vsa poznastva, ki jih prinese ta vas (kot ji pravijo), \u010deprav je bolj\u0161i izraz mesto.<\/p>\n<p>Prostovoljec je o sre\u010danju z misijonarjem Pedrotom Opeko zapisal: \u00bbImel sem edinstveno prilo\u017enost spoznati tudi najbolj poznanega slovenskega misijonarja Pedra Opeko. Tako izjemno in <a href=\"https:\/\/ampitafa2018.misijon-madagaskar.si\/wp-content\/uploads\/2019\/08\/20180817_170709.jpg\"><img loading=\"lazy\" class=\"size-medium wp-image-3250 alignright\" src=\"https:\/\/ampitafa2018.misijon-madagaskar.si\/wp-content\/uploads\/2019\/08\/20180817_170709-300x146.jpg\" alt=\"\" width=\"300\" height=\"146\" srcset=\"https:\/\/ampitafa2018.misijon-madagaskar.si\/wp-content\/uploads\/2019\/08\/20180817_170709-300x146.jpg 300w, https:\/\/ampitafa2018.misijon-madagaskar.si\/wp-content\/uploads\/2019\/08\/20180817_170709-768x373.jpg 768w, https:\/\/ampitafa2018.misijon-madagaskar.si\/wp-content\/uploads\/2019\/08\/20180817_170709-1024x497.jpg 1024w, https:\/\/ampitafa2018.misijon-madagaskar.si\/wp-content\/uploads\/2019\/08\/20180817_170709.jpg 1200w\" sizes=\"(max-width: 300px) 100vw, 300px\" \/><\/a>kompleksno osebo je silno te\u017eko opisati; beseda, ki ga najbolj opi\u0161e, je karizma. Iz njega dobesedno \u017eari. \u017de od malega je prisko\u010dil na pomo\u010d vsakomur, iz dna du\u0161e je \u017eelel narediti droben korak proti bolj\u0161emu svetu. Prav ta sr\u010dnost se opazi povsod, v njegovi pridigi, pozdravu, pravzaprav se opazi na vsakem koraku. Kamor koli se napoti, ga obdaja mno\u017eica ljudi, otrok, ki bi se radi stisnili v njegov objem. Malga\u0161i so ga vzeli za svojega. Misijonar je veliko srce Akamasoe, ki se neprestano razdaja za revne ljudi. Eden najbolj revnih predelov glavnega mesta Antananariva se je z njegovim trudom iz smeti\u0161\u010da po\u010dasi prelevil v predmestje, kjer v stanovanjskih hi\u0161ah prebiva ve\u010d kot 30 000 ljudi.\u00ab<\/p>\n<p><a href=\"https:\/\/ampitafa2018.misijon-madagaskar.si\/wp-content\/uploads\/2019\/08\/20180819_110238.jpg\"><img loading=\"lazy\" class=\"size-medium wp-image-3251 alignleft\" src=\"https:\/\/ampitafa2018.misijon-madagaskar.si\/wp-content\/uploads\/2019\/08\/20180819_110238-300x169.jpg\" alt=\"\" width=\"300\" height=\"169\" srcset=\"https:\/\/ampitafa2018.misijon-madagaskar.si\/wp-content\/uploads\/2019\/08\/20180819_110238-300x169.jpg 300w, https:\/\/ampitafa2018.misijon-madagaskar.si\/wp-content\/uploads\/2019\/08\/20180819_110238-768x432.jpg 768w, https:\/\/ampitafa2018.misijon-madagaskar.si\/wp-content\/uploads\/2019\/08\/20180819_110238-1024x576.jpg 1024w, https:\/\/ampitafa2018.misijon-madagaskar.si\/wp-content\/uploads\/2019\/08\/20180819_110238.jpg 1200w\" sizes=\"(max-width: 300px) 100vw, 300px\" \/><\/a>\u010ce Pedro Opeka v obilici svojega dela utegne, prostovoljcev vedno povabi na ve\u010derjo ali kosilo. Misijonar je zelo preprost in skromen, z veseljem odgovarja na vsa vpra\u0161anja prostovoljcev, ki tako lahko \u0161e bolj podrobno spoznajo njegovo \u017eivljenje in delo. Na vpra\u0161anje, kako je pri\u010del z delom, je odgovoril preprosto. &#8220;\u0160el sem med ljudi na smeti\u0161\u010du. Nih\u010de me ni poznal, niso mi zaupali, a sem vztrajal med njimi. \u010cez \u010das so mi pri\u010deli zaupati. Ljudje namre\u010d i\u0161\u010dejo resnico, pristnost v \u010dloveku. Hitro prepozna\u0161, kadar je nekdo z vsem srcem s teboj.&#8221; Svojo misel je nadaljeval s tem, da Cerkvi v &#8221;razvitem&#8221; svetu primanjkuje prav to: pristnost, gore\u010da vera in veselje v danem trenutku. To pa se razvija \u017ee od malih nog. Prostovoljci smo vedno navdu\u0161eni, kako lahko v predelu, kjer vlada huda rev\u0161\u010dina, na <a href=\"https:\/\/ampitafa2018.misijon-madagaskar.si\/wp-content\/uploads\/2019\/08\/bansi.jpg\"><img loading=\"lazy\" class=\"size-medium wp-image-3252 alignright\" src=\"https:\/\/ampitafa2018.misijon-madagaskar.si\/wp-content\/uploads\/2019\/08\/bansi-300x199.jpg\" alt=\"\" width=\"300\" height=\"199\" srcset=\"https:\/\/ampitafa2018.misijon-madagaskar.si\/wp-content\/uploads\/2019\/08\/bansi-300x199.jpg 300w, https:\/\/ampitafa2018.misijon-madagaskar.si\/wp-content\/uploads\/2019\/08\/bansi-768x509.jpg 768w, https:\/\/ampitafa2018.misijon-madagaskar.si\/wp-content\/uploads\/2019\/08\/bansi-1024x678.jpg 1024w, https:\/\/ampitafa2018.misijon-madagaskar.si\/wp-content\/uploads\/2019\/08\/bansi.jpg 1200w\" sizes=\"(max-width: 300px) 100vw, 300px\" \/><\/a>vsakem koraku zasli\u0161imo smeh in veselje nad \u017eivljenjem. Malga\u0161i cenijo trenutek v katerem so, pomembni so jim odnosi, \u010das za njih prakti\u010dno ne obstaja. Prav zato pravi Pedro, je eden najve\u010djih svetovnih \u010dude\u017eev to, da smo mladi solidarni med seboj.<br \/>\nProstovoljci se zelo radi udele\u017eimo tudi nedeljske svete ma\u0161e v Akamasoi, ki traja ve\u010d kot 3ure. Ob vsem tem veselju, petju, do\u017eiveti molitvi in plesu pozabi\u0161 na \u010das. \u010ceprav je misijonar med pridigo govoril v malga\u0161\u010dini, ki je nismo razumeli, smo imeli solzne o\u010di. Dotaknil se nas je \u017ee njegov glas in njegovo pri\u010devanje. Kurjo polt smo imeli, ko je cela dvorana (pribli\u017eno 8000) navzo\u010dih na ves glas pela in plesala. Ponosni smo bili, ko je Pedro majhen del ma\u0161e ma\u0161eval tudi v sloven\u0161\u010dini in, ko smo pred celo dvorano lahko tudi prostovoljci zapeli pesem. S tak\u0161no sveto ma\u0161o prostovoljci na za\u010detku svojega enomese\u010dnega dela napolnimo svojo du\u0161o.<\/p>\n<p><a href=\"https:\/\/ampitafa2018.misijon-madagaskar.si\/wp-content\/uploads\/2019\/08\/Madagaskar_Pota2018_KC_3583.jpg\"><img loading=\"lazy\" class=\"size-medium wp-image-3253 alignleft\" src=\"https:\/\/ampitafa2018.misijon-madagaskar.si\/wp-content\/uploads\/2019\/08\/Madagaskar_Pota2018_KC_3583-300x225.jpg\" alt=\"\" width=\"300\" height=\"225\" srcset=\"https:\/\/ampitafa2018.misijon-madagaskar.si\/wp-content\/uploads\/2019\/08\/Madagaskar_Pota2018_KC_3583-300x225.jpg 300w, https:\/\/ampitafa2018.misijon-madagaskar.si\/wp-content\/uploads\/2019\/08\/Madagaskar_Pota2018_KC_3583-768x576.jpg 768w, https:\/\/ampitafa2018.misijon-madagaskar.si\/wp-content\/uploads\/2019\/08\/Madagaskar_Pota2018_KC_3583-1024x768.jpg 1024w, https:\/\/ampitafa2018.misijon-madagaskar.si\/wp-content\/uploads\/2019\/08\/Madagaskar_Pota2018_KC_3583.jpg 1200w\" sizes=\"(max-width: 300px) 100vw, 300px\" \/><\/a>Najve\u010dji \u010dude\u017e je solidarnost med mladimi na zemlji in to moramo praznovati, je misijonar Pedro poudaril enkrat na popoldanski \u010dajanki. Za Pedra Opeko \u0161e kako dr\u017ei stari rek &#8221;Na mladih svet stoji&#8221;. Zato toliko svojega \u010dasa posveti vzgoji, predvsem pa izobra\u017eevanju otrok. To je namre\u010d edini na\u010din do vi\u0161je moralne in ekonomske stopnje. Pedro je tako velik vzor vsem nam prostovoljcem, kaj vse lahko dose\u017ee posameznik, \u010de le resni\u010dno verjame v svoje poslanstvo.<br \/>\nSvoje pri\u010devanju o \u017eivljenju v Akamasoi je zaklju\u010dil z mislijo: &#8221;Bodite mladi v duhu&#8221;. Nikoli namre\u010d nisi prestar za ljubezen do drugega, za nasmeh in toplo besedo bli\u017enjemu.<\/p>\n<p><a href=\"https:\/\/ampitafa2018.misijon-madagaskar.si\/wp-content\/uploads\/2019\/08\/obvezna-skupinska-slika.jpg\"><img loading=\"lazy\" class=\"alignnone size-medium wp-image-3254\" src=\"https:\/\/ampitafa2018.misijon-madagaskar.si\/wp-content\/uploads\/2019\/08\/obvezna-skupinska-slika-300x225.jpg\" alt=\"\" width=\"300\" height=\"225\" srcset=\"https:\/\/ampitafa2018.misijon-madagaskar.si\/wp-content\/uploads\/2019\/08\/obvezna-skupinska-slika-300x225.jpg 300w, https:\/\/ampitafa2018.misijon-madagaskar.si\/wp-content\/uploads\/2019\/08\/obvezna-skupinska-slika-768x576.jpg 768w, https:\/\/ampitafa2018.misijon-madagaskar.si\/wp-content\/uploads\/2019\/08\/obvezna-skupinska-slika-1024x768.jpg 1024w, https:\/\/ampitafa2018.misijon-madagaskar.si\/wp-content\/uploads\/2019\/08\/obvezna-skupinska-slika.jpg 1200w\" sizes=\"(max-width: 300px) 100vw, 300px\" \/><\/a><\/p>\n","protected":false},"excerpt":{"rendered":"<p>POTA PROSTOVOLJCI V AKAMASO-i Prostovoljci programa POTA, ki \u017ee skoraj 20 let obiskujemo misijonarje na Madagaskarju se vsako leto z veseljem ustavimo tudi pri enem najve\u010djih misijonarjev vseh \u010dasov &#8211; pri Pedrotu Opeki. Prostovoljci vsako leto ob za\u010detku in koncu dela na Madagaskarju nekaj dni pre\u017eiviM v hi\u0161i za goste v tem \u010dudovitem mestecu. Na &hellip;<\/p>\n","protected":false},"author":1,"featured_media":0,"parent":0,"menu_order":0,"comment_status":"closed","ping_status":"closed","template":"","meta":[],"_links":{"self":[{"href":"https:\/\/ampitafa2018.misijon-madagaskar.si\/index.php\/wp-json\/wp\/v2\/pages\/3245"}],"collection":[{"href":"https:\/\/ampitafa2018.misijon-madagaskar.si\/index.php\/wp-json\/wp\/v2\/pages"}],"about":[{"href":"https:\/\/ampitafa2018.misijon-madagaskar.si\/index.php\/wp-json\/wp\/v2\/types\/page"}],"author":[{"embeddable":true,"href":"https:\/\/ampitafa2018.misijon-madagaskar.si\/index.php\/wp-json\/wp\/v2\/users\/1"}],"replies":[{"embeddable":true,"href":"https:\/\/ampitafa2018.misijon-madagaskar.si\/index.php\/wp-json\/wp\/v2\/comments?post=3245"}],"version-history":[{"count":3,"href":"https:\/\/ampitafa2018.misijon-madagaskar.si\/index.php\/wp-json\/wp\/v2\/pages\/3245\/revisions"}],"predecessor-version":[{"id":3256,"href":"https:\/\/ampitafa2018.misijon-madagaskar.si\/index.php\/wp-json\/wp\/v2\/pages\/3245\/revisions\/3256"}],"wp:attachment":[{"href":"https:\/\/ampitafa2018.misijon-madagaskar.si\/index.php\/wp-json\/wp\/v2\/media?parent=3245"}],"curies":[{"name":"wp","href":"https:\/\/api.w.org\/{rel}","templated":true}]}}