{"id":3041,"date":"2018-06-30T22:12:08","date_gmt":"2018-06-30T21:12:08","guid":{"rendered":"https:\/\/ampitafa2018.misijon-madagaskar.si\/?page_id=3041"},"modified":"2018-07-04T19:19:48","modified_gmt":"2018-07-04T18:19:48","slug":"tehnicna-ekipa","status":"publish","type":"page","link":"https:\/\/ampitafa2018.misijon-madagaskar.si\/index.php\/tehnicna-ekipa\/","title":{"rendered":"Tehni\u010dna ekipa"},"content":{"rendered":"<p>Konec septembra v misijon Ampitafa odhaja tudi tehni\u010dna ekipa, z dvema \u010dlanoma, Jo\u017eetom Kra\u0161no in Gregorjem Kramerjem. Na Madagaskarju nameravata ostati \u0161tiri tedne, \u010daka pa ju kar nekaj dela.<\/p>\n<p><strong>Jo\u017ee Kra\u0161na<\/strong>, strojni in\u017eenir, do upokojitve je delal v Iskri v \u0160entjerneju in v tekstilni industriji v Labod v Novem mestu, a je tudi prakti\u010den strojnik.<\/p>\n<p>Jo\u017ee se letos vra\u010da na Madagaskar, prvi\u010d ga je obiskal\u00a0 leta 2005, po upokojitvi, ko ga je povabil Tone Kerin tedaj misijonar v Midongy-ju. Vendar je po spletu okoli\u0161\u010din pristal pri misijonarju Klemenu \u0160tolcarju; ta ga je namre\u010d prepri\u010dal, da naj ostane pri njem. V mestu Vangaindrano je delal v mehani\u010dni delavnici: menjal gume, varil, servisiral, mehanik za vse, kar je bilo potrebno postoriti na misijonu in podru\u017enicah. Dela mu ni zmanjkalo.<\/p>\n<p>Nanj je Madagaskar, predvsem pa doma\u010dini, naredili velik vtis. Pravi, da ga je izku\u0161nja od znotraj spremenila, da so ljudje tam vedno dobre volje, nasmejani, kljub temu da ne vedo, kaj bodo naslednji dan jedli. Znajo \u017eiveti za ta trenutek, za danes. Po trinajstih letih se \u0161e vedno spominja vsakega dne, ki ga je pre\u017eivel med Malga\u0161i, kaj je delal, kje je bil. \u017divo so mu v spominu otroci, ki so ga pri njegovem delu opazovali cele dneve. Pravi, da je to de\u017eela polna otrok. In kako so bili veseli bonbonov, ki jih je prinesel s sabo:\u00a0 \u00bbKar drli so skupaj, pravo veselje jih je bilo videti\u00ab. Spominja se tudi dogodka, ko je peljal invalide s Toyoto: \u00bb Potem pa so me ustavili policisti. Niso se zmenili za mojo prometno in mednarodno vozni\u0161ko dovoljenje, le hoteli so se peljati z mano. Zadaj, na kasonu sem jih peljal nekaj kilometrov, potem so potolkli po kabini in sem ustavil, da so \u0161li svojo pot &#8230;\u00ab<\/p>\n<p>Ko ga je Janez Krmelj sedaj prosil in mu zaupal pomembno nalogo, ni dolgo okleval. \u00bb Malo me sicer skrbi, sem \u017ee v letih, pridelal sem dolo\u010dene zdravstvene te\u017eave, pot po Madagaskarju pa je zahtevna.\u00ab<\/p>\n<p><a href=\"https:\/\/ampitafa2018.misijon-madagaskar.si\/wp-content\/uploads\/2018\/06\/tehnika.jpg\"><img loading=\"lazy\" class=\"size-large wp-image-3042 aligncenter\" src=\"https:\/\/ampitafa2018.misijon-madagaskar.si\/wp-content\/uploads\/2018\/06\/tehnika-768x1024.jpg\" alt=\"\" width=\"768\" height=\"1024\" srcset=\"https:\/\/ampitafa2018.misijon-madagaskar.si\/wp-content\/uploads\/2018\/06\/tehnika-768x1024.jpg 768w, https:\/\/ampitafa2018.misijon-madagaskar.si\/wp-content\/uploads\/2018\/06\/tehnika-225x300.jpg 225w\" sizes=\"(max-width: 768px) 100vw, 768px\" \/><\/a><\/p>\n<p>Jo\u017ee se zaveda, da sam ne bi zmogel. Tako je na to pot povabil po njegovem mnenju dobrega, morda najbolj izku\u0161enega strokovnjaka za te\u017eke delovne stroje v Sloveniji, <strong>mehanika Gregorja Kramerja<\/strong> iz Petrov\u010d pri \u017dalcu. Gregor je bil ve\u010d kot 22 let zaposlen kot serviser JCB te\u017ekih gradbenih strojev na terenu, popravljal jih je po celi Sloveniji. Sedaj je dve leti upokojen. \u017de pred upokojitvijo je bil na svoj na\u010din povezan s tem strojem, ki ga ima Janez in katerega velik del je bil kupljen s pomo\u010djo dobrodelne akcije radia Ognji\u0161\u010de. Gregor je namre\u010d ta stroj \u00bbservisiral na daljavo\u00ab; ko so mu poro\u010dali o dolo\u010deni okvari, je on tu organiziral nabavo rezervnih delov in svetoval, kako naj ga popravijo. Sedaj stroj nujno potrebuje generalni servis in popravilo, saj trenutno ni v delujo\u010dem stanju.<\/p>\n<p>Druga, mogo\u010de \u0161e te\u017eja naloga, ki ju \u010daka, pa je sestava rabljenega traktorja. \u00bbKo me je Jo\u017ee prosil, da bi \u0161el z njim na Madagaskar, je omenil tudi traktor. Bil sem prepri\u010dan, da gre za manj\u0161i traktor in ne za tako imenovani Reform muli traktor, precej velik stroj. A ne bo problema, saj pri tako starem traktorju \u0161e ni delov, ki bi jih nadziral ra\u010dunalnik.\u00ab Zame in za vse tiste, ki ne veste, za kak\u0161en stroj to gre: nekak\u0161en kamionski hribovski vla\u010dilec, ki ima \u0161tirikolesni pogon, primeren za delo tudi po neravnem terenu. Ve\u010d pa bodo povedale slike &#8230;<\/p>\n<p>Janez Krmelj je \u017ee spomladi, ko je bil doma zaradi bolezni, v \u0160vici odkril prav tak stroj, ki ga na misijonu potrebuje. Vzdr\u017eljiv, primeren za te\u017eke terene. Star 30 let, po\u0161kodovan, kupljen pa na licitaciji, kjer je bila izhodi\u0161\u010dna cena 2000 evrov. Da je njegova vrednost vi\u0161ja, govori tudi podatek, da so ga na koncu dobili za trikrat vi\u0161jo ceno. Kaj so kasneje vsi sodelujo\u010di imeli od tega, da so po\u0161kodovano vozilo usposobili? Veliko ur je bilo pre\u017eivetih v lokalnih delavnicah, predvsem pa v prostorih \u017dulovega Andreja &#8211; Andreja Trobec, za koga? Potrebno je bilo poravnati kabino, zamenjati kardan, (Laznik Tone in Franci- Avtoklep d.o.o), obnoviti motor (Trobec Lojze), na novo narediti ogrodje (kovinski del Dolinar Milan, leseni del Dolinar Metod). Za lu\u010di in elektriko je poskrbel Jan Koprivec. Podjetje Schwarzmann je darovalo veliko koli\u010dino cerade ter z vili\u010darji pomagalo pri nakladanju zabojev. Pri pripravi zabojev so sodelovali tudi fantje s \u010crnega vrha, TD Bri\u0161e, Janezovi sorodniki in ostali krajani.<\/p>\n<p>Oba, Jo\u017ee in Gregor sta nato z vso natan\u010dnostjo, ko sta vse sestavne dele tudi poslikala, razstavila celo vozilo. Posebej\u00a0 motor, posebej menjalnik, akumulator, sprednji in zadnji del &#8230;<\/p>\n<!--[if lt IE 9]><script>document.createElement('video');<\/script><![endif]-->\n\t<div class=\"wp-playlist wp-video-playlist wp-playlist-light\">\n\t\t<video controls=\"controls\" preload=\"none\" width=\"\n\t\t\t\t1118\t\"\n\t height=\"621\"\t><\/video>\n\t<div class=\"wp-playlist-next\"><\/div>\n\t<div class=\"wp-playlist-prev\"><\/div>\n\t<noscript>\n\t<ol>\n\t<li><a href='https:\/\/ampitafa2018.misijon-madagaskar.si\/wp-content\/uploads\/2018\/06\/0-razstavljanje.mp4'>Predstavitev razstavljanja<\/a><\/li><li><a href='https:\/\/ampitafa2018.misijon-madagaskar.si\/wp-content\/uploads\/2018\/06\/1-razstavljanje.mp4'>Razstavljanje<\/a><\/li><li><a href='https:\/\/ampitafa2018.misijon-madagaskar.si\/wp-content\/uploads\/2018\/06\/4-tovornjakpelje.mp4'>Tovornjak pelje proti Madagaskarju<\/a><\/li><li><a href='https:\/\/ampitafa2018.misijon-madagaskar.si\/wp-content\/uploads\/2018\/06\/3-nalaganje.mp4'>Razlaganje s tovornjaka v Italiji<\/a><\/li>\t<\/ol>\n\t<\/noscript>\n\t<script type=\"application\/json\" class=\"wp-playlist-script\">{\"type\":\"video\",\"tracklist\":true,\"tracknumbers\":true,\"images\":true,\"artists\":true,\"tracks\":[{\"src\":\"https:\\\/\\\/ampitafa2018.misijon-madagaskar.si\\\/wp-content\\\/uploads\\\/2018\\\/06\\\/0-razstavljanje.mp4\",\"type\":\"video\\\/mp4\",\"title\":\"Predstavitev razstavljanja\",\"caption\":\"\",\"description\":\"\",\"meta\":{\"length_formatted\":\"1:00\"},\"dimensions\":{\"original\":{\"width\":576,\"height\":320},\"resized\":{\"width\":1118,\"height\":621}},\"image\":{\"src\":\"https:\\\/\\\/ampitafa2018.misijon-madagaskar.si\\\/wp-includes\\\/images\\\/media\\\/video.png\",\"width\":48,\"height\":64},\"thumb\":{\"src\":\"https:\\\/\\\/ampitafa2018.misijon-madagaskar.si\\\/wp-includes\\\/images\\\/media\\\/video.png\",\"width\":48,\"height\":64}},{\"src\":\"https:\\\/\\\/ampitafa2018.misijon-madagaskar.si\\\/wp-content\\\/uploads\\\/2018\\\/06\\\/1-razstavljanje.mp4\",\"type\":\"video\\\/mp4\",\"title\":\"Razstavljanje\",\"caption\":\"\",\"description\":\"\",\"meta\":{\"length_formatted\":\"0:16\"},\"dimensions\":{\"original\":{\"width\":576,\"height\":320},\"resized\":{\"width\":1118,\"height\":621}},\"image\":{\"src\":\"https:\\\/\\\/ampitafa2018.misijon-madagaskar.si\\\/wp-includes\\\/images\\\/media\\\/video.png\",\"width\":48,\"height\":64},\"thumb\":{\"src\":\"https:\\\/\\\/ampitafa2018.misijon-madagaskar.si\\\/wp-includes\\\/images\\\/media\\\/video.png\",\"width\":48,\"height\":64}},{\"src\":\"https:\\\/\\\/ampitafa2018.misijon-madagaskar.si\\\/wp-content\\\/uploads\\\/2018\\\/06\\\/4-tovornjakpelje.mp4\",\"type\":\"video\\\/mp4\",\"title\":\"Tovornjak pelje proti Madagaskarju\",\"caption\":\"\",\"description\":\"\",\"meta\":{\"length_formatted\":\"0:18\"},\"dimensions\":{\"original\":{\"width\":576,\"height\":320},\"resized\":{\"width\":1118,\"height\":621}},\"image\":{\"src\":\"https:\\\/\\\/ampitafa2018.misijon-madagaskar.si\\\/wp-includes\\\/images\\\/media\\\/video.png\",\"width\":48,\"height\":64},\"thumb\":{\"src\":\"https:\\\/\\\/ampitafa2018.misijon-madagaskar.si\\\/wp-includes\\\/images\\\/media\\\/video.png\",\"width\":48,\"height\":64}},{\"src\":\"https:\\\/\\\/ampitafa2018.misijon-madagaskar.si\\\/wp-content\\\/uploads\\\/2018\\\/06\\\/3-nalaganje.mp4\",\"type\":\"video\\\/mp4\",\"title\":\"Razlaganje s tovornjaka v Italiji\",\"caption\":\"\",\"description\":\"\",\"meta\":{\"length_formatted\":\"0:30\"},\"dimensions\":{\"original\":{\"width\":576,\"height\":320},\"resized\":{\"width\":1118,\"height\":621}},\"image\":{\"src\":\"https:\\\/\\\/ampitafa2018.misijon-madagaskar.si\\\/wp-includes\\\/images\\\/media\\\/video.png\",\"width\":48,\"height\":64},\"thumb\":{\"src\":\"https:\\\/\\\/ampitafa2018.misijon-madagaskar.si\\\/wp-includes\\\/images\\\/media\\\/video.png\",\"width\":48,\"height\":64}}]}<\/script>\n<\/div>\n\t\n<p>Oba, Jo\u017ee in Gregor sta mi ob pogovoru poudarila, da sta bila presene\u010dena, kako so bili va\u0161\u010dani povezani med seboj, kako so vse izpeljali, sodelovali.<\/p>\n<p>Vse pripravljene zaboje pa je bilo potrebno prepeljati do kontejnerja v Italiji, kar je opravilo podjetje Agrometal.<\/p>\n<div id='gallery-1' class='gallery galleryid-3041 gallery-columns-3 gallery-size-thumbnail'><figure class='gallery-item'>\n\t\t\t<div class='gallery-icon landscape'>\n\t\t\t\t<a href='https:\/\/ampitafa2018.misijon-madagaskar.si\/wp-content\/uploads\/2018\/06\/20180627_090243987_iOS.jpg'><img width=\"150\" height=\"150\" src=\"https:\/\/ampitafa2018.misijon-madagaskar.si\/wp-content\/uploads\/2018\/06\/20180627_090243987_iOS-150x150.jpg\" class=\"attachment-thumbnail size-thumbnail\" alt=\"\" loading=\"lazy\" \/><\/a>\n\t\t\t<\/div><\/figure><figure class='gallery-item'>\n\t\t\t<div class='gallery-icon landscape'>\n\t\t\t\t<a href='https:\/\/ampitafa2018.misijon-madagaskar.si\/wp-content\/uploads\/2018\/06\/20180627_090249921_iOS.jpg'><img width=\"150\" height=\"150\" src=\"https:\/\/ampitafa2018.misijon-madagaskar.si\/wp-content\/uploads\/2018\/06\/20180627_090249921_iOS-150x150.jpg\" class=\"attachment-thumbnail size-thumbnail\" alt=\"\" loading=\"lazy\" \/><\/a>\n\t\t\t<\/div><\/figure><figure class='gallery-item'>\n\t\t\t<div class='gallery-icon portrait'>\n\t\t\t\t<a href='https:\/\/ampitafa2018.misijon-madagaskar.si\/wp-content\/uploads\/2018\/06\/20180627_090304066_iOS.jpg'><img width=\"150\" height=\"150\" src=\"https:\/\/ampitafa2018.misijon-madagaskar.si\/wp-content\/uploads\/2018\/06\/20180627_090304066_iOS-150x150.jpg\" class=\"attachment-thumbnail size-thumbnail\" alt=\"\" loading=\"lazy\" \/><\/a>\n\t\t\t<\/div><\/figure><figure class='gallery-item'>\n\t\t\t<div class='gallery-icon landscape'>\n\t\t\t\t<a href='https:\/\/ampitafa2018.misijon-madagaskar.si\/wp-content\/uploads\/2018\/06\/20180627_090305450_iOS.jpg'><img width=\"150\" height=\"150\" src=\"https:\/\/ampitafa2018.misijon-madagaskar.si\/wp-content\/uploads\/2018\/06\/20180627_090305450_iOS-150x150.jpg\" class=\"attachment-thumbnail size-thumbnail\" alt=\"\" loading=\"lazy\" \/><\/a>\n\t\t\t<\/div><\/figure><figure class='gallery-item'>\n\t\t\t<div class='gallery-icon landscape'>\n\t\t\t\t<a href='https:\/\/ampitafa2018.misijon-madagaskar.si\/wp-content\/uploads\/2018\/06\/20180627_090306184_iOS.jpg'><img width=\"150\" height=\"150\" src=\"https:\/\/ampitafa2018.misijon-madagaskar.si\/wp-content\/uploads\/2018\/06\/20180627_090306184_iOS-150x150.jpg\" class=\"attachment-thumbnail size-thumbnail\" alt=\"\" loading=\"lazy\" \/><\/a>\n\t\t\t<\/div><\/figure><figure class='gallery-item'>\n\t\t\t<div class='gallery-icon landscape'>\n\t\t\t\t<a href='https:\/\/ampitafa2018.misijon-madagaskar.si\/wp-content\/uploads\/2018\/06\/20180627_090306830_iOS.jpg'><img width=\"150\" height=\"150\" src=\"https:\/\/ampitafa2018.misijon-madagaskar.si\/wp-content\/uploads\/2018\/06\/20180627_090306830_iOS-150x150.jpg\" class=\"attachment-thumbnail size-thumbnail\" alt=\"\" loading=\"lazy\" \/><\/a>\n\t\t\t<\/div><\/figure><figure class='gallery-item'>\n\t\t\t<div class='gallery-icon landscape'>\n\t\t\t\t<a href='https:\/\/ampitafa2018.misijon-madagaskar.si\/wp-content\/uploads\/2018\/06\/20180627_090311781_iOS.jpg'><img width=\"150\" height=\"150\" src=\"https:\/\/ampitafa2018.misijon-madagaskar.si\/wp-content\/uploads\/2018\/06\/20180627_090311781_iOS-150x150.jpg\" class=\"attachment-thumbnail size-thumbnail\" alt=\"\" loading=\"lazy\" \/><\/a>\n\t\t\t<\/div><\/figure><figure class='gallery-item'>\n\t\t\t<div class='gallery-icon landscape'>\n\t\t\t\t<a href='https:\/\/ampitafa2018.misijon-madagaskar.si\/wp-content\/uploads\/2018\/06\/20180627_090318633_iOS.jpg'><img width=\"150\" height=\"150\" src=\"https:\/\/ampitafa2018.misijon-madagaskar.si\/wp-content\/uploads\/2018\/06\/20180627_090318633_iOS-150x150.jpg\" class=\"attachment-thumbnail size-thumbnail\" alt=\"\" loading=\"lazy\" \/><\/a>\n\t\t\t<\/div><\/figure><figure class='gallery-item'>\n\t\t\t<div class='gallery-icon landscape'>\n\t\t\t\t<a href='https:\/\/ampitafa2018.misijon-madagaskar.si\/wp-content\/uploads\/2018\/06\/20180627_090325116_iOS.jpg'><img width=\"150\" height=\"150\" src=\"https:\/\/ampitafa2018.misijon-madagaskar.si\/wp-content\/uploads\/2018\/06\/20180627_090325116_iOS-150x150.jpg\" class=\"attachment-thumbnail size-thumbnail\" alt=\"\" loading=\"lazy\" \/><\/a>\n\t\t\t<\/div><\/figure><figure class='gallery-item'>\n\t\t\t<div class='gallery-icon portrait'>\n\t\t\t\t<a href='https:\/\/ampitafa2018.misijon-madagaskar.si\/wp-content\/uploads\/2018\/06\/20180627_090326092_iOS.jpg'><img width=\"150\" height=\"150\" src=\"https:\/\/ampitafa2018.misijon-madagaskar.si\/wp-content\/uploads\/2018\/06\/20180627_090326092_iOS-150x150.jpg\" class=\"attachment-thumbnail size-thumbnail\" alt=\"\" loading=\"lazy\" aria-describedby=\"gallery-1-3052\" \/><\/a>\n\t\t\t<\/div>\n\t\t\t\t<figcaption class='wp-caption-text gallery-caption' id='gallery-1-3052'>\n\t\t\t\tProstovoljci iz Polhovega Gradca pri delu\n\t\t\t\t<\/figcaption><\/figure><figure class='gallery-item'>\n\t\t\t<div class='gallery-icon portrait'>\n\t\t\t\t<a href='https:\/\/ampitafa2018.misijon-madagaskar.si\/wp-content\/uploads\/2018\/06\/20180627_090334304_iOS.jpg'><img width=\"150\" height=\"150\" src=\"https:\/\/ampitafa2018.misijon-madagaskar.si\/wp-content\/uploads\/2018\/06\/20180627_090334304_iOS-150x150.jpg\" class=\"attachment-thumbnail size-thumbnail\" alt=\"\" loading=\"lazy\" \/><\/a>\n\t\t\t<\/div><\/figure>\n\t\t<\/div>\n\n<p>&nbsp;<\/p>\n","protected":false},"excerpt":{"rendered":"<p>Konec septembra v misijon Ampitafa odhaja tudi tehni\u010dna ekipa, z dvema \u010dlanoma, Jo\u017eetom Kra\u0161no in Gregorjem Kramerjem. Na Madagaskarju nameravata ostati \u0161tiri tedne, \u010daka pa ju kar nekaj dela. Jo\u017ee Kra\u0161na, strojni in\u017eenir, do upokojitve je delal v Iskri v \u0160entjerneju in v tekstilni industriji v Labod v Novem mestu, a je tudi prakti\u010den strojnik. &hellip;<\/p>\n","protected":false},"author":1,"featured_media":0,"parent":0,"menu_order":0,"comment_status":"closed","ping_status":"closed","template":"","meta":[],"_links":{"self":[{"href":"https:\/\/ampitafa2018.misijon-madagaskar.si\/index.php\/wp-json\/wp\/v2\/pages\/3041"}],"collection":[{"href":"https:\/\/ampitafa2018.misijon-madagaskar.si\/index.php\/wp-json\/wp\/v2\/pages"}],"about":[{"href":"https:\/\/ampitafa2018.misijon-madagaskar.si\/index.php\/wp-json\/wp\/v2\/types\/page"}],"author":[{"embeddable":true,"href":"https:\/\/ampitafa2018.misijon-madagaskar.si\/index.php\/wp-json\/wp\/v2\/users\/1"}],"replies":[{"embeddable":true,"href":"https:\/\/ampitafa2018.misijon-madagaskar.si\/index.php\/wp-json\/wp\/v2\/comments?post=3041"}],"version-history":[{"count":7,"href":"https:\/\/ampitafa2018.misijon-madagaskar.si\/index.php\/wp-json\/wp\/v2\/pages\/3041\/revisions"}],"predecessor-version":[{"id":3071,"href":"https:\/\/ampitafa2018.misijon-madagaskar.si\/index.php\/wp-json\/wp\/v2\/pages\/3041\/revisions\/3071"}],"wp:attachment":[{"href":"https:\/\/ampitafa2018.misijon-madagaskar.si\/index.php\/wp-json\/wp\/v2\/media?parent=3041"}],"curies":[{"name":"wp","href":"https:\/\/api.w.org\/{rel}","templated":true}]}}