{"id":2889,"date":"2018-06-13T13:26:17","date_gmt":"2018-06-13T13:26:17","guid":{"rendered":"https:\/\/ampitafa2018.misijon-madagaskar.si\/?page_id=2889"},"modified":"2018-06-14T14:35:42","modified_gmt":"2018-06-14T13:35:42","slug":"clani-odprave","status":"publish","type":"page","link":"https:\/\/ampitafa2018.misijon-madagaskar.si\/index.php\/clani-odprave\/","title":{"rendered":"\u010clani odprave"},"content":{"rendered":"<p>Ida Rus<\/p>\n<p><a href=\"https:\/\/ampitafa2018.misijon-madagaskar.si\/wp-content\/uploads\/2018\/06\/idarus-e1528483174911.jpg\"><img loading=\"lazy\" class=\"alignleft wp-image-2829 size-medium\" src=\"https:\/\/ampitafa2018.misijon-madagaskar.si\/wp-content\/uploads\/2018\/06\/idarus-e1528483174911-218x300.jpg\" alt=\"\" width=\"218\" height=\"300\" srcset=\"https:\/\/ampitafa2018.misijon-madagaskar.si\/wp-content\/uploads\/2018\/06\/idarus-e1528483174911-218x300.jpg 218w, https:\/\/ampitafa2018.misijon-madagaskar.si\/wp-content\/uploads\/2018\/06\/idarus-e1528483174911-768x1059.jpg 768w, https:\/\/ampitafa2018.misijon-madagaskar.si\/wp-content\/uploads\/2018\/06\/idarus-e1528483174911-743x1024.jpg 743w, https:\/\/ampitafa2018.misijon-madagaskar.si\/wp-content\/uploads\/2018\/06\/idarus-e1528483174911.jpg 1005w\" sizes=\"(max-width: 218px) 100vw, 218px\" \/><\/a>Sem Ida Rus, otro\u0161ka zdravnica v dispanzerju v Gorenji vasi in \u017direh. Zakaj Madagaskar? Mladostni\u0161ka, do sedaj nikoli izpolnjena zelja? Navdu\u0161enje sina Janeza in Mete, ki sta bila tam \u017ee pred tremi leti. Naveza z misijonarjem Janezom Krmeljem, ki je svoje delovanje na tem otoku celi \u017eupniji Polhov Gradec, iz katere tudi izhaja, zelo pribli\u017eal? Rada imam svoj poklic, rada delam z otroci in njihovimi star\u0161i in sem prepri\u010dana, da mi bo enomese\u010dno delo v tako druga\u010dnem okolju kot je Madagaskar, bogata izku\u0161nja. Brez ra\u010dunalnika, ki sedaj krade \u010das neposrednemu stiku z malimi bolniki. Pravijo, da v dana\u0161njih \u010dasih ne gre ve\u010d brez njega. Bom preverila &#8230;<\/p>\n<p>&nbsp;<\/p>\n<p>&nbsp;<\/p>\n<p>Meta Rus<\/p>\n<p><a href=\"https:\/\/ampitafa2018.misijon-madagaskar.si\/wp-content\/uploads\/2018\/06\/Meta.jpg\"><img loading=\"lazy\" class=\"alignright wp-image-2831 size-medium\" src=\"https:\/\/ampitafa2018.misijon-madagaskar.si\/wp-content\/uploads\/2018\/06\/Meta-300x200.jpg\" alt=\"\" width=\"300\" height=\"200\" srcset=\"https:\/\/ampitafa2018.misijon-madagaskar.si\/wp-content\/uploads\/2018\/06\/Meta-300x200.jpg 300w, https:\/\/ampitafa2018.misijon-madagaskar.si\/wp-content\/uploads\/2018\/06\/Meta-768x512.jpg 768w, https:\/\/ampitafa2018.misijon-madagaskar.si\/wp-content\/uploads\/2018\/06\/Meta-1024x683.jpg 1024w, https:\/\/ampitafa2018.misijon-madagaskar.si\/wp-content\/uploads\/2018\/06\/Meta-272x182.jpg 272w\" sizes=\"(max-width: 300px) 100vw, 300px\" \/><\/a>Sem Meta, kon\u010dujem 4. letnik medicine. Madagaskar me je osvojil \u017ee pred tremi leti, ko\u00a0sem ga obiskala preko programa mednarodnega prostovoljstva POTA. \u010ceprav bi ga lahko opisala kot eno najrevnej\u0161ih dr\u017eav s katastrofalnimi cestami ter obupnim \u0161olskim in zdravstvenim sistemom, mi je ostala v spominu predvsem njihova bogata kultura, tako razli\u010dna od na\u0161e. Ni hitenja, birokracije, veselje najdejo v preprostih re\u010deh. Malga\u0161i so sr\u010den narod. To, zaradi \u010desar trpijo, so naravne nesre\u010de, vojne in pa bolezni. Pri tem zadnjem lahko kan\u010dek pomagamo tudi mi. Na odpravi se bom kot \u0161tudentka verjetno ve\u010d nau\u010dila kot dala, a verjamem, da bodo izku\u0161nje dragocene za kasnej\u0161e delo ter morda za \u0161e kak\u0161no odpravo po koncu \u0161tudija. Ker v medicini &#8211; kjerkoli \u017ee bom pristala &#8211; vedno bolj vidim svoje poslanstvo. Sicer pa svoj \u010das namenjam \u0161e prostovoljnemu delu na razli\u010dnih podro\u010djih, glasbi, najbolj pa u\u017eivam v naravi s prijatelji.<\/p>\n<p>Dora Rus<\/p>\n<p><a href=\"https:\/\/ampitafa2018.misijon-madagaskar.si\/wp-content\/uploads\/2018\/06\/Dora.jpg\"><img loading=\"lazy\" class=\"alignleft wp-image-2832 size-medium\" src=\"https:\/\/ampitafa2018.misijon-madagaskar.si\/wp-content\/uploads\/2018\/06\/Dora-300x167.jpg\" alt=\"\" width=\"300\" height=\"167\" srcset=\"https:\/\/ampitafa2018.misijon-madagaskar.si\/wp-content\/uploads\/2018\/06\/Dora-300x167.jpg 300w, https:\/\/ampitafa2018.misijon-madagaskar.si\/wp-content\/uploads\/2018\/06\/Dora-768x427.jpg 768w, https:\/\/ampitafa2018.misijon-madagaskar.si\/wp-content\/uploads\/2018\/06\/Dora-1024x569.jpg 1024w\" sizes=\"(max-width: 300px) 100vw, 300px\" \/><\/a><\/p>\n<p>Sem Dora Rus, letos zaklju\u010dujem peti razred O\u0160 Alojzija \u0160u\u0161tarja v \u0160entvidu. \u00a0Na Madagaskar grem z mami in sestro in mislim, da se bomo imeli dobro. Kaj pri\u010dakujem? Da bom kaj novega izvedela o Madagaskarju in ljudeh, ki tam \u017eivijo. Zanimajo pa me tudi \u017eivali in rastline, ki jih v Sloveniji ni.\u00a0Sicer rada berem, ri\u0161em, se dru\u017eim s prijateljicami.<\/p>\n<p>&nbsp;<\/p>\n<p>Eva Rataj<\/p>\n<p><a href=\"https:\/\/ampitafa2018.misijon-madagaskar.si\/wp-content\/uploads\/2018\/06\/eva.jpg\"><img loading=\"lazy\" class=\"alignright wp-image-2830 size-medium\" src=\"https:\/\/ampitafa2018.misijon-madagaskar.si\/wp-content\/uploads\/2018\/06\/eva-198x300.jpg\" alt=\"\" width=\"198\" height=\"300\" srcset=\"https:\/\/ampitafa2018.misijon-madagaskar.si\/wp-content\/uploads\/2018\/06\/eva-198x300.jpg 198w, https:\/\/ampitafa2018.misijon-madagaskar.si\/wp-content\/uploads\/2018\/06\/eva-768x1165.jpg 768w, https:\/\/ampitafa2018.misijon-madagaskar.si\/wp-content\/uploads\/2018\/06\/eva-675x1024.jpg 675w\" sizes=\"(max-width: 198px) 100vw, 198px\" \/><\/a>Sem Eva Rataj, \u0161tudentka 6. letnika Medicinske fakultete v Ljubljani, dolgoletna skavtinja in popotnica, ki pa se vedno rada vra\u010da domov, v Novo mesto. Prosti \u010das rada pre\u017eivljam v dru\u017eni najbli\u017ejih, z veseljem pa se tudi podam v naravo in preberem kak\u0161no dobro knjigo. Velik del svojega \u010dasa namenim tudi prostovoljstvu, ki me bogati in opominja, da na koncu vedno prejmem ve\u010d, kot sem vlo\u017eila.<\/p>\n<p>Preizku\u0161nje na svoji poti se trudim dojemati kot izzive &#8211; trenutno mi najve\u010dji izziv predstavlja zaklju\u010dek \u0161tudija. V jeseni pa je pred mano naslednji velik izziv in sicer delo na Madagaskarju, v katerem bom lahko zdru\u017eila svoje znanje in trud zadnjih \u0161estih let, veselje ob spoznavanju druga\u010dnih kultur in pridobila dragocene \u017eivljenjske izku\u0161nje.<\/p>\n","protected":false},"excerpt":{"rendered":"<p>Ida Rus Sem Ida Rus, otro\u0161ka zdravnica v dispanzerju v Gorenji vasi in \u017direh. Zakaj Madagaskar? Mladostni\u0161ka, do sedaj nikoli izpolnjena zelja? Navdu\u0161enje sina Janeza in Mete, ki sta bila tam \u017ee pred tremi leti. Naveza z misijonarjem Janezom Krmeljem, ki je svoje delovanje na tem otoku celi \u017eupniji Polhov Gradec, iz katere tudi izhaja, &hellip;<\/p>\n","protected":false},"author":1,"featured_media":0,"parent":0,"menu_order":0,"comment_status":"closed","ping_status":"closed","template":"","meta":[],"_links":{"self":[{"href":"https:\/\/ampitafa2018.misijon-madagaskar.si\/index.php\/wp-json\/wp\/v2\/pages\/2889"}],"collection":[{"href":"https:\/\/ampitafa2018.misijon-madagaskar.si\/index.php\/wp-json\/wp\/v2\/pages"}],"about":[{"href":"https:\/\/ampitafa2018.misijon-madagaskar.si\/index.php\/wp-json\/wp\/v2\/types\/page"}],"author":[{"embeddable":true,"href":"https:\/\/ampitafa2018.misijon-madagaskar.si\/index.php\/wp-json\/wp\/v2\/users\/1"}],"replies":[{"embeddable":true,"href":"https:\/\/ampitafa2018.misijon-madagaskar.si\/index.php\/wp-json\/wp\/v2\/comments?post=2889"}],"version-history":[{"count":8,"href":"https:\/\/ampitafa2018.misijon-madagaskar.si\/index.php\/wp-json\/wp\/v2\/pages\/2889\/revisions"}],"predecessor-version":[{"id":2999,"href":"https:\/\/ampitafa2018.misijon-madagaskar.si\/index.php\/wp-json\/wp\/v2\/pages\/2889\/revisions\/2999"}],"wp:attachment":[{"href":"https:\/\/ampitafa2018.misijon-madagaskar.si\/index.php\/wp-json\/wp\/v2\/media?parent=2889"}],"curies":[{"name":"wp","href":"https:\/\/api.w.org\/{rel}","templated":true}]}}