{"id":2887,"date":"2018-06-13T13:21:47","date_gmt":"2018-06-13T13:21:47","guid":{"rendered":"https:\/\/ampitafa2018.misijon-madagaskar.si\/?page_id=2887"},"modified":"2019-08-07T22:07:47","modified_gmt":"2019-08-07T21:07:47","slug":"projekt","status":"publish","type":"page","link":"https:\/\/ampitafa2018.misijon-madagaskar.si\/index.php\/projekt\/","title":{"rendered":"Projekt"},"content":{"rendered":"<p>Smo Ida Rus, zdravnica pediatrinja v \u017direh in Gorenji vasi, Eva Rataj in Meta Rus, \u0161tudentki medicine, ter najmlaj\u0161a Dora Rus, bodo\u010da \u0161esto\u0161olka. Smo ekipa; \u010deprav razli\u010dni, z enim ciljem. Zdru\u017euje nas \u017eelja po humanitarnem delu z bolniki, ki jim ni omogo\u010den dostop niti do osnovne zdravstvene oskrbe. Septembra 2018 se tako odpravljamo na Madagaskar v Ampitafa, kjer bomo v dispanzerju in porodni\u0161nici, v kraju, kjer deluje slovenski misijonar Janez Krmelj, nekaj \u010dasa nadome\u0161\u010dale tamkaj\u0161njo edino zdravnico. Center Ampitafa je eden od \u0161estih podru\u017enic Akamosoa, projekta, ki ga je na Madagaskarju ustanovil misijonar Pedro Opeka. \u010ceprav vemo, da v tem \u010dasu ne bomo naredile ve\u010djih sprememb, lahko veliko naredimo za posameznika ter si hkrati pridobimo bogate izku\u0161nje popolnoma druga\u010dne medicine, ki nam bodo koristile tudi pri delu doma.<\/p>\n<p><img loading=\"lazy\" class=\"alignnone wp-image-13 size-large\" src=\"https:\/\/ampitafa2018.misijon-madagaskar.si\/wp-content\/uploads\/2018\/05\/IMG_20180519_152903-e1528924322270-1024x1024.jpg\" alt=\"\" width=\"1024\" height=\"1024\" srcset=\"https:\/\/ampitafa2018.misijon-madagaskar.si\/wp-content\/uploads\/2018\/05\/IMG_20180519_152903-e1528924322270-1024x1024.jpg 1024w, https:\/\/ampitafa2018.misijon-madagaskar.si\/wp-content\/uploads\/2018\/05\/IMG_20180519_152903-e1528924322270-150x150.jpg 150w, https:\/\/ampitafa2018.misijon-madagaskar.si\/wp-content\/uploads\/2018\/05\/IMG_20180519_152903-e1528924322270-300x300.jpg 300w, https:\/\/ampitafa2018.misijon-madagaskar.si\/wp-content\/uploads\/2018\/05\/IMG_20180519_152903-e1528924322270-768x768.jpg 768w, https:\/\/ampitafa2018.misijon-madagaskar.si\/wp-content\/uploads\/2018\/05\/IMG_20180519_152903-e1528924322270.jpg 1995w\" sizes=\"(max-width: 1024px) 100vw, 1024px\" \/><\/p>\n<p><span style=\"color: #000000;\">\u201cMi sami \u010dutimo, da je to, kar po\u010dnemo, samo kaplja v morje. Vendar \u010de te kaplje ne bi bilo, bi bilo morje manj\u0161e.\u201d (mati Terezija)<br \/>\n<\/span><\/p>\n<div class=\"embed-responsive  embed-responsive-16by9\"><iframe width=\"1140\" height=\"641\" src=\"https:\/\/www.youtube.com\/embed\/nSBc9kXsyZU?feature=oembed\" allow=\"accelerometer; autoplay; encrypted-media; gyroscope; picture-in-picture\" allowfullscreen><\/iframe><\/div>\n<p><span style=\"color: #000000;\">\u00a0<\/span><\/p>\n","protected":false},"excerpt":{"rendered":"<p>Smo Ida Rus, zdravnica pediatrinja v \u017direh in Gorenji vasi, Eva Rataj in Meta Rus, \u0161tudentki medicine, ter najmlaj\u0161a Dora Rus, bodo\u010da \u0161esto\u0161olka. Smo ekipa; \u010deprav razli\u010dni, z enim ciljem. Zdru\u017euje nas \u017eelja po humanitarnem delu z bolniki, ki jim ni omogo\u010den dostop niti do osnovne zdravstvene oskrbe. Septembra 2018 se tako odpravljamo na Madagaskar &hellip;<\/p>\n","protected":false},"author":1,"featured_media":0,"parent":0,"menu_order":0,"comment_status":"closed","ping_status":"closed","template":"","meta":[],"_links":{"self":[{"href":"https:\/\/ampitafa2018.misijon-madagaskar.si\/index.php\/wp-json\/wp\/v2\/pages\/2887"}],"collection":[{"href":"https:\/\/ampitafa2018.misijon-madagaskar.si\/index.php\/wp-json\/wp\/v2\/pages"}],"about":[{"href":"https:\/\/ampitafa2018.misijon-madagaskar.si\/index.php\/wp-json\/wp\/v2\/types\/page"}],"author":[{"embeddable":true,"href":"https:\/\/ampitafa2018.misijon-madagaskar.si\/index.php\/wp-json\/wp\/v2\/users\/1"}],"replies":[{"embeddable":true,"href":"https:\/\/ampitafa2018.misijon-madagaskar.si\/index.php\/wp-json\/wp\/v2\/comments?post=2887"}],"version-history":[{"count":4,"href":"https:\/\/ampitafa2018.misijon-madagaskar.si\/index.php\/wp-json\/wp\/v2\/pages\/2887\/revisions"}],"predecessor-version":[{"id":3234,"href":"https:\/\/ampitafa2018.misijon-madagaskar.si\/index.php\/wp-json\/wp\/v2\/pages\/2887\/revisions\/3234"}],"wp:attachment":[{"href":"https:\/\/ampitafa2018.misijon-madagaskar.si\/index.php\/wp-json\/wp\/v2\/media?parent=2887"}],"curies":[{"name":"wp","href":"https:\/\/api.w.org\/{rel}","templated":true}]}}