{"id":2836,"date":"2018-06-08T11:14:52","date_gmt":"2018-06-08T10:14:52","guid":{"rendered":"http:\/\/ampitafa2018.misijon-madagaskar.si\/?page_id=25"},"modified":"2018-06-08T11:14:52","modified_gmt":"2018-06-08T10:14:52","slug":"madagaskar","status":"publish","type":"page","link":"https:\/\/ampitafa2018.misijon-madagaskar.si\/index.php\/madagaskar\/","title":{"rendered":"Madagaskar"},"content":{"rendered":"<p>MADAGASKAR<br \/>\nLEGA<br \/>\n\uf0d8 Otok na vzhodu Afrike<\/p>\n<p><a href=\"https:\/\/ampitafa2018.misijon-madagaskar.si\/wp-content\/uploads\/2018\/06\/svet.jpg\"><img loading=\"lazy\" class=\"alignnone size-large wp-image-48\" src=\"https:\/\/ampitafa2018.misijon-madagaskar.si\/wp-content\/uploads\/2018\/06\/svet-1024x512.jpg\" alt=\"\" width=\"840\" height=\"420\" srcset=\"https:\/\/ampitafa2018.misijon-madagaskar.si\/wp-content\/uploads\/2018\/06\/svet-1024x512.jpg 1024w, https:\/\/ampitafa2018.misijon-madagaskar.si\/wp-content\/uploads\/2018\/06\/svet-300x150.jpg 300w, https:\/\/ampitafa2018.misijon-madagaskar.si\/wp-content\/uploads\/2018\/06\/svet-768x384.jpg 768w, https:\/\/ampitafa2018.misijon-madagaskar.si\/wp-content\/uploads\/2018\/06\/svet-350x175.jpg 350w, https:\/\/ampitafa2018.misijon-madagaskar.si\/wp-content\/uploads\/2018\/06\/svet.jpg 1944w\" sizes=\"(max-width: 840px) 100vw, 840px\" \/><\/a><\/p>\n<p>OSNOVNI PODATKI<br \/>\n\uf0d8 \u010detrti najve\u010dji otok na svetu<br \/>\n\uf0d8 uradna jezika: franco\u0161\u010dina in malga\u0161\u010dina<br \/>\n\uf0d8 glavno mesto: Antananarivo<br \/>\n\uf0d8 Madagaskar ima pribli\u017eno 20 milijonov prebivalcev<br \/>\n\uf0d8 denarna enota: ariari<br \/>\n\uf0d8 tropsko podnebje<\/p>\n<p>\uf0d8 najvi\u0161ji vrh Madagaskarja: Maromokotro<br \/>\n\uf0d8 2876 mnv<\/p>\n<p><a href=\"https:\/\/ampitafa2018.misijon-madagaskar.si\/wp-content\/uploads\/2018\/06\/gora.jpg\"><img loading=\"lazy\" class=\"alignnone size-full wp-image-43\" src=\"https:\/\/ampitafa2018.misijon-madagaskar.si\/wp-content\/uploads\/2018\/06\/gora.jpg\" alt=\"\" width=\"716\" height=\"400\" srcset=\"https:\/\/ampitafa2018.misijon-madagaskar.si\/wp-content\/uploads\/2018\/06\/gora.jpg 716w, https:\/\/ampitafa2018.misijon-madagaskar.si\/wp-content\/uploads\/2018\/06\/gora-300x168.jpg 300w\" sizes=\"(max-width: 716px) 100vw, 716px\" \/><\/a><\/p>\n<p>POVR\u0160JE:<br \/>\nMadagaskar se deli na tri reliefne dele:<br \/>\n\uf0d8 visoke planote<br \/>\n\uf0d8 obalni del na vzhodu<br \/>\n\uf0d8 zahodni del<\/p>\n<p><a href=\"https:\/\/ampitafa2018.misijon-madagaskar.si\/wp-content\/uploads\/2018\/06\/otok.jpg\"><img loading=\"lazy\" class=\"alignnone size-full wp-image-45\" src=\"https:\/\/ampitafa2018.misijon-madagaskar.si\/wp-content\/uploads\/2018\/06\/otok.jpg\" alt=\"\" width=\"300\" height=\"575\" srcset=\"https:\/\/ampitafa2018.misijon-madagaskar.si\/wp-content\/uploads\/2018\/06\/otok.jpg 300w, https:\/\/ampitafa2018.misijon-madagaskar.si\/wp-content\/uploads\/2018\/06\/otok-157x300.jpg 157w\" sizes=\"(max-width: 300px) 100vw, 300px\" \/><\/a><\/p>\n<p>MALGA\u0160KA ZASTAVA:<\/p>\n<p><a href=\"https:\/\/ampitafa2018.misijon-madagaskar.si\/wp-content\/uploads\/2018\/06\/zastava.png\"><img loading=\"lazy\" class=\"alignnone wp-image-49 size-medium\" src=\"https:\/\/ampitafa2018.misijon-madagaskar.si\/wp-content\/uploads\/2018\/06\/zastava-300x200.png\" alt=\"\" width=\"300\" height=\"200\" srcset=\"https:\/\/ampitafa2018.misijon-madagaskar.si\/wp-content\/uploads\/2018\/06\/zastava-300x200.png 300w, https:\/\/ampitafa2018.misijon-madagaskar.si\/wp-content\/uploads\/2018\/06\/zastava-768x512.png 768w, https:\/\/ampitafa2018.misijon-madagaskar.si\/wp-content\/uploads\/2018\/06\/zastava-272x182.png 272w, https:\/\/ampitafa2018.misijon-madagaskar.si\/wp-content\/uploads\/2018\/06\/zastava.png 900w\" sizes=\"(max-width: 300px) 100vw, 300px\" \/><\/a><\/p>\n<p>PREBIVALSTVO<br \/>\nVe\u010dina prebivalstva je azijskega izvora s pome\u0161animi \u010drnskimi priseljenci, tam pa \u017eivijo tudi indijski, francoski in kitajski priseljenci. Tamkaj\u0161nji prebivalci se imenujejo Malga\u0161i.<\/p>\n<p>&nbsp;<\/p>\n<p>ZANIMIVOST:<br \/>\nKer je bil otok izoliran od sosednjih celin, ima zna\u010dilno rastlinstvo in \u017eivalstvo. Mnogih \u017eivalskih ter rastlinskih vrst ne najdemo nikjer drugje. Nekateri ekologi Madagaskar zato imenujejo kar osma celina.<\/p>\n<p>ZNA\u010cILNA RASTLINA:<br \/>\n\uf0d8 Baobab ali kruhovec:<\/p>\n<p><a href=\"https:\/\/ampitafa2018.misijon-madagaskar.si\/wp-content\/uploads\/2018\/06\/rastlina.jpg\"><img loading=\"lazy\" class=\"alignnone size-large wp-image-46\" src=\"https:\/\/ampitafa2018.misijon-madagaskar.si\/wp-content\/uploads\/2018\/06\/rastlina-1024x682.jpg\" alt=\"\" width=\"840\" height=\"559\" srcset=\"https:\/\/ampitafa2018.misijon-madagaskar.si\/wp-content\/uploads\/2018\/06\/rastlina-1024x682.jpg 1024w, https:\/\/ampitafa2018.misijon-madagaskar.si\/wp-content\/uploads\/2018\/06\/rastlina-300x200.jpg 300w, https:\/\/ampitafa2018.misijon-madagaskar.si\/wp-content\/uploads\/2018\/06\/rastlina-768x511.jpg 768w, https:\/\/ampitafa2018.misijon-madagaskar.si\/wp-content\/uploads\/2018\/06\/rastlina-272x182.jpg 272w, https:\/\/ampitafa2018.misijon-madagaskar.si\/wp-content\/uploads\/2018\/06\/rastlina.jpg 2040w\" sizes=\"(max-width: 840px) 100vw, 840px\" \/><\/a><\/p>\n<p>ZNA\u010cILNA \u017dIVAL:<\/p>\n<p>\uf0d8 Lemur<\/p>\n<p><a href=\"https:\/\/ampitafa2018.misijon-madagaskar.si\/wp-content\/uploads\/2018\/06\/lemur.jpg\"><img loading=\"lazy\" class=\"alignnone wp-image-44 size-medium\" src=\"https:\/\/ampitafa2018.misijon-madagaskar.si\/wp-content\/uploads\/2018\/06\/lemur-202x300.jpg\" alt=\"\" width=\"202\" height=\"300\" srcset=\"https:\/\/ampitafa2018.misijon-madagaskar.si\/wp-content\/uploads\/2018\/06\/lemur-202x300.jpg 202w, https:\/\/ampitafa2018.misijon-madagaskar.si\/wp-content\/uploads\/2018\/06\/lemur.jpg 538w\" sizes=\"(max-width: 202px) 100vw, 202px\" \/><\/a><\/p>\n<p>NA MADAGASKARJU<br \/>\nNI STRUPENIH<br \/>\nKA\u010c!!!<\/p>\n<p><a href=\"https:\/\/ampitafa2018.misijon-madagaskar.si\/wp-content\/uploads\/2018\/06\/smesko.png\"><img loading=\"lazy\" class=\"alignnone wp-image-47 size-thumbnail\" src=\"https:\/\/ampitafa2018.misijon-madagaskar.si\/wp-content\/uploads\/2018\/06\/smesko-150x150.png\" alt=\"\" width=\"150\" height=\"150\" \/><\/a><\/p>\n<p>ZANIMIVOST:<br \/>\nMadagaskar ima dva letna \u010dasa. Od novembra do aprila je vro\u010de in de\u017eevno, hladneje ter bolj suho pa je od maja do oktobra.<\/p>\n<p>SESTAVEK PRIPRAVILA DORA RUS<\/p>\n","protected":false},"excerpt":{"rendered":"<p>MADAGASKAR LEGA \uf0d8 Otok na vzhodu Afrike OSNOVNI PODATKI \uf0d8 \u010detrti najve\u010dji otok na svetu \uf0d8 uradna jezika: franco\u0161\u010dina in malga\u0161\u010dina \uf0d8 glavno mesto: Antananarivo \uf0d8 Madagaskar ima pribli\u017eno 20 milijonov prebivalcev \uf0d8 denarna enota: ariari \uf0d8 tropsko podnebje \uf0d8 najvi\u0161ji vrh Madagaskarja: Maromokotro \uf0d8 2876 mnv POVR\u0160JE: Madagaskar se deli na tri reliefne dele: &hellip;<\/p>\n","protected":false},"author":1,"featured_media":0,"parent":0,"menu_order":0,"comment_status":"closed","ping_status":"closed","template":"","meta":[],"_links":{"self":[{"href":"https:\/\/ampitafa2018.misijon-madagaskar.si\/index.php\/wp-json\/wp\/v2\/pages\/2836"}],"collection":[{"href":"https:\/\/ampitafa2018.misijon-madagaskar.si\/index.php\/wp-json\/wp\/v2\/pages"}],"about":[{"href":"https:\/\/ampitafa2018.misijon-madagaskar.si\/index.php\/wp-json\/wp\/v2\/types\/page"}],"author":[{"embeddable":true,"href":"https:\/\/ampitafa2018.misijon-madagaskar.si\/index.php\/wp-json\/wp\/v2\/users\/1"}],"replies":[{"embeddable":true,"href":"https:\/\/ampitafa2018.misijon-madagaskar.si\/index.php\/wp-json\/wp\/v2\/comments?post=2836"}],"version-history":[{"count":0,"href":"https:\/\/ampitafa2018.misijon-madagaskar.si\/index.php\/wp-json\/wp\/v2\/pages\/2836\/revisions"}],"wp:attachment":[{"href":"https:\/\/ampitafa2018.misijon-madagaskar.si\/index.php\/wp-json\/wp\/v2\/media?parent=2836"}],"curies":[{"name":"wp","href":"https:\/\/api.w.org\/{rel}","templated":true}]}}