{"id":20,"date":"2018-06-08T11:12:16","date_gmt":"2018-06-08T10:12:16","guid":{"rendered":"http:\/\/ampitafa2018.misijon-madagaskar.si\/?page_id=20"},"modified":"2019-08-06T16:15:54","modified_gmt":"2019-08-06T15:15:54","slug":"20-2","status":"publish","type":"page","link":"https:\/\/ampitafa2018.misijon-madagaskar.si\/index.php\/20-2\/","title":{"rendered":"Pomo\u010d"},"content":{"rendered":"<p>Veseli bomo vsakr\u0161nih sredstev, ki nam jih lahko daste osebno ali pa naka\u017eete na spodnji ra\u010dun. Za ve\u010d informacij pa nas kontaktirate na mail\u00a0<a href=\"mailto:info@misijon-madagaskar.si\" target=\"_blank\" rel=\"noopener\">info@misijon-madagaskar.si<\/a>\u00a0ali pa pokli\u010dete\u00a0 01 300 59 50 (Tina Je\u017e &#8211; kontaktna oseba na Misijonskem sredi\u0161\u010du).<\/p>\n<p><strong>RA\u010cUN ZA NAKAZILO:<\/strong><\/p>\n<p><strong>Prejemnik:<br \/>\nMisijonsko sredi\u0161\u010de Slovenije,\u00a0Kristanova ulica 1, 1000 Ljubljana<\/strong><br \/>\n<strong>TRR: SI 56 0201 4005 1368 933<\/strong><br \/>\n<strong>Sklic: SI 00 279225<\/strong><br \/>\n<strong>SWIFT koda: LJBASI2X<\/strong><strong>\u00a0\u00a0 \u00a0\u00a0\u00a0\u00a0\u00a0\u00a0\u00a0\u00a0\u00a0\u00a0\u00a0\u00a0\u00a0\u00a0\u00a0\u00a0<\/strong><\/p>\n","protected":false},"excerpt":{"rendered":"<p>Veseli bomo vsakr\u0161nih sredstev, ki nam jih lahko daste osebno ali pa naka\u017eete na spodnji ra\u010dun. Za ve\u010d informacij pa nas kontaktirate na mail\u00a0info@misijon-madagaskar.si\u00a0ali pa pokli\u010dete\u00a0 01 300 59 50 (Tina Je\u017e &#8211; kontaktna oseba na Misijonskem sredi\u0161\u010du). RA\u010cUN ZA NAKAZILO: Prejemnik: Misijonsko sredi\u0161\u010de Slovenije,\u00a0Kristanova ulica 1, 1000 Ljubljana TRR: SI 56 0201 4005 1368 &hellip;<\/p>\n","protected":false},"author":1,"featured_media":0,"parent":0,"menu_order":0,"comment_status":"closed","ping_status":"closed","template":"","meta":[],"_links":{"self":[{"href":"https:\/\/ampitafa2018.misijon-madagaskar.si\/index.php\/wp-json\/wp\/v2\/pages\/20"}],"collection":[{"href":"https:\/\/ampitafa2018.misijon-madagaskar.si\/index.php\/wp-json\/wp\/v2\/pages"}],"about":[{"href":"https:\/\/ampitafa2018.misijon-madagaskar.si\/index.php\/wp-json\/wp\/v2\/types\/page"}],"author":[{"embeddable":true,"href":"https:\/\/ampitafa2018.misijon-madagaskar.si\/index.php\/wp-json\/wp\/v2\/users\/1"}],"replies":[{"embeddable":true,"href":"https:\/\/ampitafa2018.misijon-madagaskar.si\/index.php\/wp-json\/wp\/v2\/comments?post=20"}],"version-history":[{"count":8,"href":"https:\/\/ampitafa2018.misijon-madagaskar.si\/index.php\/wp-json\/wp\/v2\/pages\/20\/revisions"}],"predecessor-version":[{"id":3228,"href":"https:\/\/ampitafa2018.misijon-madagaskar.si\/index.php\/wp-json\/wp\/v2\/pages\/20\/revisions\/3228"}],"wp:attachment":[{"href":"https:\/\/ampitafa2018.misijon-madagaskar.si\/index.php\/wp-json\/wp\/v2\/media?parent=20"}],"curies":[{"name":"wp","href":"https:\/\/api.w.org\/{rel}","templated":true}]}}